{"id":155,"date":"2025-11-08T18:41:44","date_gmt":"2025-11-08T18:41:44","guid":{"rendered":"https:\/\/kondingprojekt.com\/shop\/?page_id=155"},"modified":"2025-11-08T18:41:45","modified_gmt":"2025-11-08T18:41:45","slug":"politika-kolacica-cookie-policy","status":"publish","type":"page","link":"https:\/\/kondingprojekt.com\/shop\/politika-kolacica-cookie-policy\/","title":{"rendered":"POLITIKA KOLA\u010cI\u0106A (COOKIE POLICY)"},"content":{"rendered":"\n<p>Politika kola\u010di\u0107a \u2013 Konding projekt d.o.o. Webshop<\/p>\n\n\n\n<ol class=\"wp-block-list\">\n<li>\u0160to su kola\u010di\u0107i?<br>Kola\u010di\u0107i su male tekstualne datoteke koje web stranica pohranjuje na ure\u0111aj korisnika radi pra\u0107enja i boljeg korisni\u010dkog iskustva.<br><\/li>\n\n\n\n<li>Koje kola\u010di\u0107e koristimo<br>Analiti\u010dki kola\u010di\u0107i \u2013 Google Analytics. Slu\u017ee za pra\u0107enje posjeta i analiziranje prometa, bez osobnih podataka.<br><\/li>\n\n\n\n<li>Upravljanje kola\u010di\u0107ima<br>Korisnik mo\u017ee isklju\u010diti kola\u010di\u0107e putem postavki preglednika, no to mo\u017ee ograni\u010diti funkcionalnost web stranice.<br><\/li>\n\n\n\n<li>Kontakt<br>Za sve upite u vezi kola\u010di\u0107a i privatnosti: info@kondingprojekt.com<\/li>\n<\/ol>\n","protected":false},"excerpt":{"rendered":"<p>Politika kola\u010di\u0107a \u2013 Konding projekt d.o.o. Webshop<\/p>\n","protected":false},"author":1,"featured_media":0,"parent":0,"menu_order":0,"comment_status":"closed","ping_status":"closed","template":"","meta":{"site-sidebar-layout":"default","site-content-layout":"","ast-site-content-layout":"default","site-content-style":"default","site-sidebar-style":"default","ast-global-header-display":"","ast-banner-title-visibility":"","ast-main-header-display":"","ast-hfb-above-header-display":"","ast-hfb-below-header-display":"","ast-hfb-mobile-header-display":"","site-post-title":"","ast-breadcrumbs-content":"","ast-featured-img":"","footer-sml-layout":"","ast-disable-related-posts":"","theme-transparent-header-meta":"","adv-header-id-meta":"","stick-header-meta":"","header-above-stick-meta":"","header-main-stick-meta":"","header-below-stick-meta":"","astra-migrate-meta-layouts":"default","ast-page-background-enabled":"default","ast-page-background-meta":{"desktop":{"background-color":"var(--ast-global-color-5)","background-image":"","background-repeat":"repeat","background-position":"center center","background-size":"auto","background-attachment":"scroll","background-type":"","background-media":"","overlay-type":"","overlay-color":"","overlay-opacity":"","overlay-gradient":""},"tablet":{"background-color":"","background-image":"","background-repeat":"repeat","background-position":"center center","background-size":"auto","background-attachment":"scroll","background-type":"","background-media":"","overlay-type":"","overlay-color":"","overlay-opacity":"","overlay-gradient":""},"mobile":{"background-color":"","background-image":"","background-repeat":"repeat","background-position":"center center","background-size":"auto","background-attachment":"scroll","background-type":"","background-media":"","overlay-type":"","overlay-color":"","overlay-opacity":"","overlay-gradient":""}},"ast-content-background-meta":{"desktop":{"background-color":"var(--ast-global-color-4)","background-image":"","background-repeat":"repeat","background-position":"center center","background-size":"auto","background-attachment":"scroll","background-type":"","background-media":"","overlay-type":"","overlay-color":"","overlay-opacity":"","overlay-gradient":""},"tablet":{"background-color":"var(--ast-global-color-4)","background-image":"","background-repeat":"repeat","background-position":"center center","background-size":"auto","background-attachment":"scroll","background-type":"","background-media":"","overlay-type":"","overlay-color":"","overlay-opacity":"","overlay-gradient":""},"mobile":{"background-color":"var(--ast-global-color-4)","background-image":"","background-repeat":"repeat","background-position":"center center","background-size":"auto","background-attachment":"scroll","background-type":"","background-media":"","overlay-type":"","overlay-color":"","overlay-opacity":"","overlay-gradient":""}},"footnotes":""},"class_list":["post-155","page","type-page","status-publish","hentry"],"_links":{"self":[{"href":"https:\/\/kondingprojekt.com\/shop\/wp-json\/wp\/v2\/pages\/155","targetHints":{"allow":["GET"]}}],"collection":[{"href":"https:\/\/kondingprojekt.com\/shop\/wp-json\/wp\/v2\/pages"}],"about":[{"href":"https:\/\/kondingprojekt.com\/shop\/wp-json\/wp\/v2\/types\/page"}],"author":[{"embeddable":true,"href":"https:\/\/kondingprojekt.com\/shop\/wp-json\/wp\/v2\/users\/1"}],"replies":[{"embeddable":true,"href":"https:\/\/kondingprojekt.com\/shop\/wp-json\/wp\/v2\/comments?post=155"}],"version-history":[{"count":0,"href":"https:\/\/kondingprojekt.com\/shop\/wp-json\/wp\/v2\/pages\/155\/revisions"}],"wp:attachment":[{"href":"https:\/\/kondingprojekt.com\/shop\/wp-json\/wp\/v2\/media?parent=155"}],"curies":[{"name":"wp","href":"https:\/\/api.w.org\/{rel}","templated":true}]}}