{"id":6,"date":"2025-10-20T07:20:07","date_gmt":"2025-10-20T07:20:07","guid":{"rendered":"https:\/\/kondingprojekt.com\/shop\/?page_id=6"},"modified":"2025-11-08T17:16:15","modified_gmt":"2025-11-08T17:16:15","slug":"cart","status":"publish","type":"page","link":"https:\/\/kondingprojekt.com\/shop\/cart\/","title":{"rendered":"Va\u0161a ko\u0161arica"},"content":{"rendered":"\n<div data-block-name=\"woocommerce\/cart\" class=\"wp-block-woocommerce-cart is-loading\">\n<div data-block-name=\"woocommerce\/filled-cart-block\" class=\"wp-block-woocommerce-filled-cart-block\">\n<div data-block-name=\"woocommerce\/cart-items-block\" class=\"wp-block-woocommerce-cart-items-block\">\n<div data-block-name=\"woocommerce\/cart-line-items-block\" class=\"wp-block-woocommerce-cart-line-items-block\"><\/div>\n\n\n<\/div>\n\n\n\n<div data-block-name=\"woocommerce\/cart-totals-block\" class=\"wp-block-woocommerce-cart-totals-block\">\n<div data-block-name=\"woocommerce\/cart-order-summary-block\" class=\"wp-block-woocommerce-cart-order-summary-block\">\n<div data-block-name=\"woocommerce\/cart-order-summary-heading-block\" data-content=\"Ukupni iznos ko\u0161arice\" class=\"wp-block-woocommerce-cart-order-summary-heading-block\"><\/div>\n\n\n\n<div data-block-name=\"woocommerce\/cart-order-summary-coupon-form-block\" class=\"wp-block-woocommerce-cart-order-summary-coupon-form-block\"><\/div>\n\n\n\n<div data-block-name=\"woocommerce\/cart-order-summary-totals-block\" class=\"wp-block-woocommerce-cart-order-summary-totals-block\">\n<div data-block-name=\"woocommerce\/cart-order-summary-subtotal-block\" class=\"wp-block-woocommerce-cart-order-summary-subtotal-block\"><\/div>\n\n\n\n<div data-block-name=\"woocommerce\/cart-order-summary-fee-block\" class=\"wp-block-woocommerce-cart-order-summary-fee-block\"><\/div>\n\n\n\n<div data-block-name=\"woocommerce\/cart-order-summary-discount-block\" class=\"wp-block-woocommerce-cart-order-summary-discount-block\"><\/div>\n\n\n\n<div data-block-name=\"woocommerce\/cart-order-summary-shipping-block\" class=\"wp-block-woocommerce-cart-order-summary-shipping-block\"><\/div>\n\n\n\n<div data-block-name=\"woocommerce\/cart-order-summary-taxes-block\" class=\"wp-block-woocommerce-cart-order-summary-taxes-block\"><\/div>\n<\/div>\n<\/div>\n\n\n\n<div data-block-name=\"woocommerce\/cart-express-payment-block\" class=\"wp-block-woocommerce-cart-express-payment-block\"><\/div>\n\n\n\n<div data-block-name=\"woocommerce\/proceed-to-checkout-block\" class=\"wp-block-woocommerce-proceed-to-checkout-block\"><\/div>\n\n\n\n<div data-block-name=\"woocommerce\/cart-accepted-payment-methods-block\" class=\"wp-block-woocommerce-cart-accepted-payment-methods-block\"><\/div>\n<\/div>\n<\/div>\n\n\n\n<div data-block-name=\"woocommerce\/empty-cart-block\" class=\"wp-block-woocommerce-empty-cart-block\">\n<h2 class=\"wp-block-heading has-text-align-center with-empty-cart-icon wc-block-cart__empty-cart__title\">Your cart is currently empty!<\/h2>\n\n\n\n<hr class=\"wp-block-separator has-alpha-channel-opacity is-style-dots\"\/>\n\n\n\n<h2 class=\"wp-block-heading has-text-align-center\">New in store<\/h2>\n\n\n<div data-block-name=\"woocommerce\/product-new\" data-columns=\"4\" data-rows=\"1\" class=\"wc-block-grid wp-block-product-new wp-block-woocommerce-product-new wc-block-product-new has-4-columns\"><ul class=\"wc-block-grid__products\"><li class=\"wc-block-grid__product\">\n\t\t\t\t<a href=\"https:\/\/kondingprojekt.com\/shop\/proizvod\/martellato-automatski-rezac-acetatne-folije-mart-cutter\/\" class=\"wc-block-grid__product-link\">\n\t\t\t\t\t\n\t\t\t\t\t<div class=\"wc-block-grid__product-image\"><img loading=\"lazy\" decoding=\"async\" width=\"300\" height=\"300\" src=\"https:\/\/kondingprojekt.com\/shop\/wp-content\/uploads\/2026\/02\/1-1-300x300.png\" class=\"attachment-woocommerce_thumbnail size-woocommerce_thumbnail\" alt=\"Martellato automatski reza\u010d acetatne folije Mart Cutter\" srcset=\"https:\/\/kondingprojekt.com\/shop\/wp-content\/uploads\/2026\/02\/1-1-300x300.png 300w, https:\/\/kondingprojekt.com\/shop\/wp-content\/uploads\/2026\/02\/1-1-150x150.png 150w, https:\/\/kondingprojekt.com\/shop\/wp-content\/uploads\/2026\/02\/1-1-768x768.png 768w, https:\/\/kondingprojekt.com\/shop\/wp-content\/uploads\/2026\/02\/1-1-600x600.png 600w, https:\/\/kondingprojekt.com\/shop\/wp-content\/uploads\/2026\/02\/1-1-100x100.png 100w, https:\/\/kondingprojekt.com\/shop\/wp-content\/uploads\/2026\/02\/1-1.png 1000w\" sizes=\"auto, (max-width: 300px) 100vw, 300px\" \/><\/div>\n\t\t\t\t\t<div class=\"wc-block-grid__product-title\">Martellato automatski reza\u010d acetatne folije Mart Cutter<\/div>\n\t\t\t\t<\/a>\n\t\t\t\t<div class=\"wc-block-grid__product-price price\"><span class=\"woocommerce-Price-amount amount\">607,50&nbsp;<span class=\"woocommerce-Price-currencySymbol\">&euro;<\/span><\/span> <small class=\"woocommerce-price-suffix\">(PDV uklju\u010den u cijenu)<\/small><\/div>\n\t\t\t\t\n\t\t\t\t<div class=\"wp-block-button wc-block-grid__product-add-to-cart\"><a href=\"\/shop\/wp-json\/wp\/v2\/pages\/6?add-to-cart=1272\" aria-label=\"Dodaj u ko\u0161aricu: &ldquo;Martellato automatski reza\u010d acetatne folije Mart Cutter&rdquo;\" data-quantity=\"1\" data-product_id=\"1272\" data-product_sku=\"\" data-price=\"607.5\" rel=\"nofollow\" class=\"wp-block-button__link  add_to_cart_button ajax_add_to_cart\">Dodaj u ko\u0161aricu<\/a><\/div>\n\t\t\t<\/li><li class=\"wc-block-grid__product\">\n\t\t\t\t<a href=\"https:\/\/kondingprojekt.com\/shop\/proizvod\/temperirka-za-cokoladu-pomati-t5\/\" class=\"wc-block-grid__product-link\">\n\t\t\t\t\t\n\t\t\t\t\t<div class=\"wc-block-grid__product-image\"><img loading=\"lazy\" decoding=\"async\" width=\"300\" height=\"300\" src=\"https:\/\/kondingprojekt.com\/shop\/wp-content\/uploads\/2026\/02\/Pomati-T5-300x300.png\" class=\"attachment-woocommerce_thumbnail size-woocommerce_thumbnail\" alt=\"Temperirka za \u010dokoladu Pomati T5\" srcset=\"https:\/\/kondingprojekt.com\/shop\/wp-content\/uploads\/2026\/02\/Pomati-T5-300x300.png 300w, https:\/\/kondingprojekt.com\/shop\/wp-content\/uploads\/2026\/02\/Pomati-T5-150x150.png 150w, https:\/\/kondingprojekt.com\/shop\/wp-content\/uploads\/2026\/02\/Pomati-T5-768x768.png 768w, https:\/\/kondingprojekt.com\/shop\/wp-content\/uploads\/2026\/02\/Pomati-T5-600x600.png 600w, https:\/\/kondingprojekt.com\/shop\/wp-content\/uploads\/2026\/02\/Pomati-T5-100x100.png 100w, https:\/\/kondingprojekt.com\/shop\/wp-content\/uploads\/2026\/02\/Pomati-T5.png 1000w\" sizes=\"auto, (max-width: 300px) 100vw, 300px\" \/><\/div>\n\t\t\t\t\t<div class=\"wc-block-grid__product-title\">Temperirka za \u010dokoladu Pomati T5<\/div>\n\t\t\t\t<\/a>\n\t\t\t\t<div class=\"wc-block-grid__product-price price\">From <span class=\"woocommerce-Price-amount amount\">6.963,75&nbsp;<span class=\"woocommerce-Price-currencySymbol\">&euro;<\/span><\/span><\/div>\n\t\t\t\t\n\t\t\t\t<div class=\"wp-block-button wc-block-grid__product-add-to-cart\"><a href=\"https:\/\/kondingprojekt.com\/shop\/proizvod\/temperirka-za-cokoladu-pomati-t5\/\" aria-label=\"Pro\u010ditaj vi\u0161e o &ldquo;Temperirka za \u010dokoladu Pomati T5&rdquo;\" data-quantity=\"1\" data-product_id=\"1259\" data-product_sku=\"\" data-price=\"6963.75\" rel=\"nofollow\" class=\"wp-block-button__link  add_to_cart_button\">Odaberite opcije<\/a><\/div>\n\t\t\t<\/li><li class=\"wc-block-grid__product\">\n\t\t\t\t<a href=\"https:\/\/kondingprojekt.com\/shop\/proizvod\/sayl-topping-box\/\" class=\"wc-block-grid__product-link\">\n\t\t\t\t\t\n\t\t\t\t\t<div class=\"wc-block-grid__product-image\"><img loading=\"lazy\" decoding=\"async\" width=\"300\" height=\"300\" src=\"https:\/\/kondingprojekt.com\/shop\/wp-content\/uploads\/2026\/01\/topping-box--300x300.png\" class=\"attachment-woocommerce_thumbnail size-woocommerce_thumbnail\" alt=\"SAYL Topping Box\" srcset=\"https:\/\/kondingprojekt.com\/shop\/wp-content\/uploads\/2026\/01\/topping-box--300x300.png 300w, https:\/\/kondingprojekt.com\/shop\/wp-content\/uploads\/2026\/01\/topping-box--1024x1024.png 1024w, https:\/\/kondingprojekt.com\/shop\/wp-content\/uploads\/2026\/01\/topping-box--150x150.png 150w, https:\/\/kondingprojekt.com\/shop\/wp-content\/uploads\/2026\/01\/topping-box--768x768.png 768w, https:\/\/kondingprojekt.com\/shop\/wp-content\/uploads\/2026\/01\/topping-box--600x600.png 600w, https:\/\/kondingprojekt.com\/shop\/wp-content\/uploads\/2026\/01\/topping-box--100x100.png 100w, https:\/\/kondingprojekt.com\/shop\/wp-content\/uploads\/2026\/01\/topping-box-.png 1200w\" sizes=\"auto, (max-width: 300px) 100vw, 300px\" \/><\/div>\n\t\t\t\t\t<div class=\"wc-block-grid__product-title\">SAYL Topping Box<\/div>\n\t\t\t\t<\/a>\n\t\t\t\t<div class=\"wc-block-grid__product-price price\"><span class=\"woocommerce-Price-amount amount\">2.237,50&nbsp;<span class=\"woocommerce-Price-currencySymbol\">&euro;<\/span><\/span> <small class=\"woocommerce-price-suffix\">(PDV uklju\u010den u cijenu)<\/small><\/div>\n\t\t\t\t\n\t\t\t\t<div class=\"wp-block-button wc-block-grid__product-add-to-cart\"><a href=\"\/shop\/wp-json\/wp\/v2\/pages\/6?add-to-cart=574\" aria-label=\"Dodaj u ko\u0161aricu: &ldquo;SAYL Topping Box&rdquo;\" data-quantity=\"1\" data-product_id=\"574\" data-product_sku=\"\" data-price=\"2237.5\" rel=\"nofollow\" class=\"wp-block-button__link  add_to_cart_button ajax_add_to_cart\">Dodaj u ko\u0161aricu<\/a><\/div>\n\t\t\t<\/li><li class=\"wc-block-grid__product\">\n\t\t\t\t<a href=\"https:\/\/kondingprojekt.com\/shop\/proizvod\/pavoni-kalup-jabuka\/\" class=\"wc-block-grid__product-link\">\n\t\t\t\t\t\n\t\t\t\t\t<div class=\"wc-block-grid__product-image\"><img loading=\"lazy\" decoding=\"async\" width=\"300\" height=\"300\" src=\"https:\/\/kondingprojekt.com\/shop\/wp-content\/uploads\/2026\/02\/1-300x300.png\" class=\"attachment-woocommerce_thumbnail size-woocommerce_thumbnail\" alt=\"Pavoni kalup - JABUKA\" srcset=\"https:\/\/kondingprojekt.com\/shop\/wp-content\/uploads\/2026\/02\/1-300x300.png 300w, https:\/\/kondingprojekt.com\/shop\/wp-content\/uploads\/2026\/02\/1-150x150.png 150w, https:\/\/kondingprojekt.com\/shop\/wp-content\/uploads\/2026\/02\/1-768x768.png 768w, https:\/\/kondingprojekt.com\/shop\/wp-content\/uploads\/2026\/02\/1-600x600.png 600w, https:\/\/kondingprojekt.com\/shop\/wp-content\/uploads\/2026\/02\/1-100x100.png 100w, https:\/\/kondingprojekt.com\/shop\/wp-content\/uploads\/2026\/02\/1.png 1000w\" sizes=\"auto, (max-width: 300px) 100vw, 300px\" \/><\/div>\n\t\t\t\t\t<div class=\"wc-block-grid__product-title\">Pavoni kalup &#8211; JABUKA<\/div>\n\t\t\t\t<\/a>\n\t\t\t\t<div class=\"wc-block-grid__product-price price\"><span class=\"woocommerce-Price-amount amount\">74,00&nbsp;<span class=\"woocommerce-Price-currencySymbol\">&euro;<\/span><\/span> <small class=\"woocommerce-price-suffix\">(PDV uklju\u010den u cijenu)<\/small><\/div>\n\t\t\t\t\n\t\t\t\t<div class=\"wp-block-button wc-block-grid__product-add-to-cart\"><a href=\"\/shop\/wp-json\/wp\/v2\/pages\/6?add-to-cart=739\" aria-label=\"Dodaj u ko\u0161aricu: &ldquo;Pavoni kalup - JABUKA&rdquo;\" data-quantity=\"1\" data-product_id=\"739\" data-product_sku=\"\" data-price=\"74\" rel=\"nofollow\" class=\"wp-block-button__link  add_to_cart_button ajax_add_to_cart\">Dodaj u ko\u0161aricu<\/a><\/div>\n\t\t\t<\/li><\/ul><\/div><\/div>\n<\/div>\n","protected":false},"excerpt":{"rendered":"","protected":false},"author":1,"featured_media":0,"parent":0,"menu_order":0,"comment_status":"closed","ping_status":"closed","template":"","meta":{"site-sidebar-layout":"default","site-content-layout":"","ast-site-content-layout":"default","site-content-style":"default","site-sidebar-style":"default","ast-global-header-display":"","ast-banner-title-visibility":"","ast-main-header-display":"","ast-hfb-above-header-display":"","ast-hfb-below-header-display":"","ast-hfb-mobile-header-display":"","site-post-title":"","ast-breadcrumbs-content":"","ast-featured-img":"","footer-sml-layout":"","ast-disable-related-posts":"","theme-transparent-header-meta":"","adv-header-id-meta":"","stick-header-meta":"","header-above-stick-meta":"","header-main-stick-meta":"","header-below-stick-meta":"","astra-migrate-meta-layouts":"default","ast-page-background-enabled":"default","ast-page-background-meta":{"desktop":{"background-color":"var(--ast-global-color-5)","background-image":"","background-repeat":"repeat","background-position":"center center","background-size":"auto","background-attachment":"scroll","background-type":"","background-media":"","overlay-type":"","overlay-color":"","overlay-opacity":"","overlay-gradient":""},"tablet":{"background-color":"","background-image":"","background-repeat":"repeat","background-position":"center center","background-size":"auto","background-attachment":"scroll","background-type":"","background-media":"","overlay-type":"","overlay-color":"","overlay-opacity":"","overlay-gradient":""},"mobile":{"background-color":"","background-image":"","background-repeat":"repeat","background-position":"center center","background-size":"auto","background-attachment":"scroll","background-type":"","background-media":"","overlay-type":"","overlay-color":"","overlay-opacity":"","overlay-gradient":""}},"ast-content-background-meta":{"desktop":{"background-color":"var(--ast-global-color-4)","background-image":"","background-repeat":"repeat","background-position":"center center","background-size":"auto","background-attachment":"scroll","background-type":"","background-media":"","overlay-type":"","overlay-color":"","overlay-opacity":"","overlay-gradient":""},"tablet":{"background-color":"var(--ast-global-color-4)","background-image":"","background-repeat":"repeat","background-position":"center center","background-size":"auto","background-attachment":"scroll","background-type":"","background-media":"","overlay-type":"","overlay-color":"","overlay-opacity":"","overlay-gradient":""},"mobile":{"background-color":"var(--ast-global-color-4)","background-image":"","background-repeat":"repeat","background-position":"center center","background-size":"auto","background-attachment":"scroll","background-type":"","background-media":"","overlay-type":"","overlay-color":"","overlay-opacity":"","overlay-gradient":""}},"footnotes":""},"class_list":["post-6","page","type-page","status-publish","hentry"],"_links":{"self":[{"href":"https:\/\/kondingprojekt.com\/shop\/wp-json\/wp\/v2\/pages\/6","targetHints":{"allow":["GET"]}}],"collection":[{"href":"https:\/\/kondingprojekt.com\/shop\/wp-json\/wp\/v2\/pages"}],"about":[{"href":"https:\/\/kondingprojekt.com\/shop\/wp-json\/wp\/v2\/types\/page"}],"author":[{"embeddable":true,"href":"https:\/\/kondingprojekt.com\/shop\/wp-json\/wp\/v2\/users\/1"}],"replies":[{"embeddable":true,"href":"https:\/\/kondingprojekt.com\/shop\/wp-json\/wp\/v2\/comments?post=6"}],"version-history":[{"count":0,"href":"https:\/\/kondingprojekt.com\/shop\/wp-json\/wp\/v2\/pages\/6\/revisions"}],"wp:attachment":[{"href":"https:\/\/kondingprojekt.com\/shop\/wp-json\/wp\/v2\/media?parent=6"}],"curies":[{"name":"wp","href":"https:\/\/api.w.org\/{rel}","templated":true}]}}