{"id":1259,"date":"2026-02-18T08:38:16","date_gmt":"2026-02-18T07:38:16","guid":{"rendered":"https:\/\/kondingprojekt.com\/shop\/?post_type=product&#038;p=1259"},"modified":"2026-02-18T09:24:55","modified_gmt":"2026-02-18T08:24:55","slug":"temperirka-za-cokoladu-pomati-t5","status":"publish","type":"product","link":"https:\/\/kondingprojekt.com\/shop\/proizvod\/temperirka-za-cokoladu-pomati-t5\/","title":{"rendered":"Temperirka za \u010dokoladu Pomati T5"},"content":{"rendered":"","protected":false},"excerpt":{"rendered":"<ul>\n<li>Grijani spremnik za \u010dokoladu<\/li>\n<li>Arhimedov vijak za cirkulaciju \u010dokolade<\/li>\n<li>Mogu\u0107nost okretanja vijka u suprotnom smjeru radi vra\u0107anja \u010dokolade u spremnik<\/li>\n<li>Vijak je uklonjiv za lak\u0161e \u010di\u0161\u0107enje i odr\u017eavanje<\/li>\n<li>Dimenzije: 480 x 450 x (h) 390 mm<\/li>\n<li>Snaga: 0,7 kW<\/li>\n<li>Monofazna struja 200\/240 V &#8211; 50\/60 Hz<\/li>\n<\/ul>\n","protected":false},"featured_media":1262,"template":"","meta":{"site-sidebar-layout":"default","site-content-layout":"","ast-site-content-layout":"default","site-content-style":"default","site-sidebar-style":"default","ast-global-header-display":"","ast-banner-title-visibility":"","ast-main-header-display":"","ast-hfb-above-header-display":"","ast-hfb-below-header-display":"","ast-hfb-mobile-header-display":"","site-post-title":"","ast-breadcrumbs-content":"","ast-featured-img":"","footer-sml-layout":"","ast-disable-related-posts":"","theme-transparent-header-meta":"default","adv-header-id-meta":"","stick-header-meta":"","header-above-stick-meta":"","header-main-stick-meta":"","header-below-stick-meta":"","astra-migrate-meta-layouts":"set","ast-page-background-enabled":"default","ast-page-background-meta":{"desktop":{"background-color":"var(--ast-global-color-5)","background-image":"","background-repeat":"repeat","background-position":"center center","background-size":"auto","background-attachment":"scroll","background-type":"","background-media":"","overlay-type":"","overlay-color":"","overlay-opacity":"","overlay-gradient":""},"tablet":{"background-color":"","background-image":"","background-repeat":"repeat","background-position":"center center","background-size":"auto","background-attachment":"scroll","background-type":"","background-media":"","overlay-type":"","overlay-color":"","overlay-opacity":"","overlay-gradient":""},"mobile":{"background-color":"","background-image":"","background-repeat":"repeat","background-position":"center center","background-size":"auto","background-attachment":"scroll","background-type":"","background-media":"","overlay-type":"","overlay-color":"","overlay-opacity":"","overlay-gradient":""}},"ast-content-background-meta":{"desktop":{"background-color":"var(--ast-global-color-4)","background-image":"","background-repeat":"repeat","background-position":"center center","background-size":"auto","background-attachment":"scroll","background-type":"","background-media":"","overlay-type":"","overlay-color":"","overlay-opacity":"","overlay-gradient":""},"tablet":{"background-color":"var(--ast-global-color-4)","background-image":"","background-repeat":"repeat","background-position":"center center","background-size":"auto","background-attachment":"scroll","background-type":"","background-media":"","overlay-type":"","overlay-color":"","overlay-opacity":"","overlay-gradient":""},"mobile":{"background-color":"var(--ast-global-color-4)","background-image":"","background-repeat":"repeat","background-position":"center center","background-size":"auto","background-attachment":"scroll","background-type":"","background-media":"","overlay-type":"","overlay-color":"","overlay-opacity":"","overlay-gradient":""}}},"product_brand":[],"product_cat":[19],"product_tag":[22],"class_list":{"0":"post-1259","1":"product","2":"type-product","3":"status-publish","4":"has-post-thumbnail","6":"product_cat-stolna-oprema","7":"product_tag-cokolada","8":"desktop-align-left","9":"tablet-align-left","10":"mobile-align-left","12":"first","13":"onbackorder","14":"taxable","15":"shipping-taxable","16":"purchasable","17":"product-type-composite"},"_links":{"self":[{"href":"https:\/\/kondingprojekt.com\/shop\/wp-json\/wp\/v2\/product\/1259","targetHints":{"allow":["GET"]}}],"collection":[{"href":"https:\/\/kondingprojekt.com\/shop\/wp-json\/wp\/v2\/product"}],"about":[{"href":"https:\/\/kondingprojekt.com\/shop\/wp-json\/wp\/v2\/types\/product"}],"wp:featuredmedia":[{"embeddable":true,"href":"https:\/\/kondingprojekt.com\/shop\/wp-json\/wp\/v2\/media\/1262"}],"wp:attachment":[{"href":"https:\/\/kondingprojekt.com\/shop\/wp-json\/wp\/v2\/media?parent=1259"}],"wp:term":[{"taxonomy":"product_brand","embeddable":true,"href":"https:\/\/kondingprojekt.com\/shop\/wp-json\/wp\/v2\/product_brand?post=1259"},{"taxonomy":"product_cat","embeddable":true,"href":"https:\/\/kondingprojekt.com\/shop\/wp-json\/wp\/v2\/product_cat?post=1259"},{"taxonomy":"product_tag","embeddable":true,"href":"https:\/\/kondingprojekt.com\/shop\/wp-json\/wp\/v2\/product_tag?post=1259"}],"curies":[{"name":"wp","href":"https:\/\/api.w.org\/{rel}","templated":true}]}}