{"id":188,"date":"2025-11-19T11:17:35","date_gmt":"2025-11-19T11:17:35","guid":{"rendered":"https:\/\/kondingprojekt.com\/shop\/?post_type=product&#038;p=188"},"modified":"2026-02-12T10:47:26","modified_gmt":"2026-02-12T09:47:26","slug":"martellato-zglobna-spatula-velika","status":"publish","type":"product","link":"https:\/\/kondingprojekt.com\/shop\/proizvod\/martellato-zglobna-spatula-velika\/","title":{"rendered":"Silikomart zglobna \u0161patula"},"content":{"rendered":"","protected":false},"excerpt":{"rendered":"<ul>\n<li>Zglobni dizajn omogu\u0107uje bolju ergonomiju i preciznost pri radu na okomitim i vodoravnim povr\u0161inama<\/li>\n<li>O\u0161trica od nehr\u0111aju\u0107eg \u010delika osigurava trajnost i lako \u010di\u0161\u0107enje<\/li>\n<li>Savr\u0161ena za mazanje krema, podizanje i prijenos tankih slojeva ili dekoracija<\/li>\n<\/ul>\n","protected":false},"featured_media":1256,"template":"","meta":{"site-sidebar-layout":"default","site-content-layout":"","ast-site-content-layout":"default","site-content-style":"default","site-sidebar-style":"default","ast-global-header-display":"","ast-banner-title-visibility":"","ast-main-header-display":"","ast-hfb-above-header-display":"","ast-hfb-below-header-display":"","ast-hfb-mobile-header-display":"","site-post-title":"","ast-breadcrumbs-content":"","ast-featured-img":"","footer-sml-layout":"","ast-disable-related-posts":"","theme-transparent-header-meta":"default","adv-header-id-meta":"","stick-header-meta":"","header-above-stick-meta":"","header-main-stick-meta":"","header-below-stick-meta":"","astra-migrate-meta-layouts":"set","ast-page-background-enabled":"default","ast-page-background-meta":{"desktop":{"background-color":"var(--ast-global-color-5)","background-image":"","background-repeat":"repeat","background-position":"center center","background-size":"auto","background-attachment":"scroll","background-type":"","background-media":"","overlay-type":"","overlay-color":"","overlay-opacity":"","overlay-gradient":""},"tablet":{"background-color":"","background-image":"","background-repeat":"repeat","background-position":"center center","background-size":"auto","background-attachment":"scroll","background-type":"","background-media":"","overlay-type":"","overlay-color":"","overlay-opacity":"","overlay-gradient":""},"mobile":{"background-color":"","background-image":"","background-repeat":"repeat","background-position":"center center","background-size":"auto","background-attachment":"scroll","background-type":"","background-media":"","overlay-type":"","overlay-color":"","overlay-opacity":"","overlay-gradient":""}},"ast-content-background-meta":{"desktop":{"background-color":"var(--ast-global-color-4)","background-image":"","background-repeat":"repeat","background-position":"center center","background-size":"auto","background-attachment":"scroll","background-type":"","background-media":"","overlay-type":"","overlay-color":"","overlay-opacity":"","overlay-gradient":""},"tablet":{"background-color":"var(--ast-global-color-4)","background-image":"","background-repeat":"repeat","background-position":"center center","background-size":"auto","background-attachment":"scroll","background-type":"","background-media":"","overlay-type":"","overlay-color":"","overlay-opacity":"","overlay-gradient":""},"mobile":{"background-color":"var(--ast-global-color-4)","background-image":"","background-repeat":"repeat","background-position":"center center","background-size":"auto","background-attachment":"scroll","background-type":"","background-media":"","overlay-type":"","overlay-color":"","overlay-opacity":"","overlay-gradient":""}}},"product_brand":[],"product_cat":[20],"product_tag":[22,21],"class_list":{"0":"post-188","1":"product","2":"type-product","3":"status-publish","4":"has-post-thumbnail","6":"product_cat-pribor-za-slasticarstvo","7":"product_tag-cokolada","8":"product_tag-kolaci","9":"desktop-align-left","10":"tablet-align-left","11":"mobile-align-left","13":"first","14":"onbackorder","15":"taxable","16":"shipping-taxable","17":"purchasable","18":"product-type-variable"},"_links":{"self":[{"href":"https:\/\/kondingprojekt.com\/shop\/wp-json\/wp\/v2\/product\/188","targetHints":{"allow":["GET"]}}],"collection":[{"href":"https:\/\/kondingprojekt.com\/shop\/wp-json\/wp\/v2\/product"}],"about":[{"href":"https:\/\/kondingprojekt.com\/shop\/wp-json\/wp\/v2\/types\/product"}],"wp:featuredmedia":[{"embeddable":true,"href":"https:\/\/kondingprojekt.com\/shop\/wp-json\/wp\/v2\/media\/1256"}],"wp:attachment":[{"href":"https:\/\/kondingprojekt.com\/shop\/wp-json\/wp\/v2\/media?parent=188"}],"wp:term":[{"taxonomy":"product_brand","embeddable":true,"href":"https:\/\/kondingprojekt.com\/shop\/wp-json\/wp\/v2\/product_brand?post=188"},{"taxonomy":"product_cat","embeddable":true,"href":"https:\/\/kondingprojekt.com\/shop\/wp-json\/wp\/v2\/product_cat?post=188"},{"taxonomy":"product_tag","embeddable":true,"href":"https:\/\/kondingprojekt.com\/shop\/wp-json\/wp\/v2\/product_tag?post=188"}],"curies":[{"name":"wp","href":"https:\/\/api.w.org\/{rel}","templated":true}]}}