{"id":33,"date":"2025-11-02T09:15:45","date_gmt":"2025-11-02T09:15:45","guid":{"rendered":"https:\/\/kondingprojekt.com\/shop\/?post_type=product&#038;p=33"},"modified":"2026-02-12T10:03:53","modified_gmt":"2026-02-12T09:03:53","slug":"menzura-6-litara","status":"publish","type":"product","link":"https:\/\/kondingprojekt.com\/shop\/proizvod\/menzura-6-litara\/","title":{"rendered":"Menzura 6 litara"},"content":{"rendered":"","protected":false},"excerpt":{"rendered":"<ul>\n<li>Menzura od 6 litara<\/li>\n<li>Izra\u0111ena od kvalitetne, prozirne plastike<\/li>\n<li>Jasno ozna\u010dena skala za precizno mjerenje teku\u0107ina<\/li>\n<li>Idealna za slasti\u010darstvo, pekarstvo, sladoled i profesionalne kuhinje<\/li>\n<li>Otporna na udarce i jednostavna za \u010di\u0161\u0107enje<\/li>\n<\/ul>\n","protected":false},"featured_media":34,"template":"","meta":{"site-sidebar-layout":"default","site-content-layout":"","ast-site-content-layout":"default","site-content-style":"default","site-sidebar-style":"default","ast-global-header-display":"","ast-banner-title-visibility":"","ast-main-header-display":"","ast-hfb-above-header-display":"","ast-hfb-below-header-display":"","ast-hfb-mobile-header-display":"","site-post-title":"","ast-breadcrumbs-content":"","ast-featured-img":"","footer-sml-layout":"","ast-disable-related-posts":"","theme-transparent-header-meta":"default","adv-header-id-meta":"","stick-header-meta":"","header-above-stick-meta":"","header-main-stick-meta":"","header-below-stick-meta":"","astra-migrate-meta-layouts":"set","ast-page-background-enabled":"default","ast-page-background-meta":{"desktop":{"background-color":"var(--ast-global-color-5)","background-image":"","background-repeat":"repeat","background-position":"center center","background-size":"auto","background-attachment":"scroll","background-type":"","background-media":"","overlay-type":"","overlay-color":"","overlay-opacity":"","overlay-gradient":""},"tablet":{"background-color":"","background-image":"","background-repeat":"repeat","background-position":"center center","background-size":"auto","background-attachment":"scroll","background-type":"","background-media":"","overlay-type":"","overlay-color":"","overlay-opacity":"","overlay-gradient":""},"mobile":{"background-color":"","background-image":"","background-repeat":"repeat","background-position":"center center","background-size":"auto","background-attachment":"scroll","background-type":"","background-media":"","overlay-type":"","overlay-color":"","overlay-opacity":"","overlay-gradient":""}},"ast-content-background-meta":{"desktop":{"background-color":"var(--ast-global-color-4)","background-image":"","background-repeat":"repeat","background-position":"center center","background-size":"auto","background-attachment":"scroll","background-type":"","background-media":"","overlay-type":"","overlay-color":"","overlay-opacity":"","overlay-gradient":""},"tablet":{"background-color":"var(--ast-global-color-4)","background-image":"","background-repeat":"repeat","background-position":"center center","background-size":"auto","background-attachment":"scroll","background-type":"","background-media":"","overlay-type":"","overlay-color":"","overlay-opacity":"","overlay-gradient":""},"mobile":{"background-color":"var(--ast-global-color-4)","background-image":"","background-repeat":"repeat","background-position":"center center","background-size":"auto","background-attachment":"scroll","background-type":"","background-media":"","overlay-type":"","overlay-color":"","overlay-opacity":"","overlay-gradient":""}}},"product_brand":[],"product_cat":[46,20],"product_tag":[22,24,21,23,25],"class_list":{"0":"post-33","1":"product","2":"type-product","3":"status-publish","4":"has-post-thumbnail","6":"product_cat-pribor-za-sladoled","7":"product_cat-pribor-za-slasticarstvo","8":"product_tag-cokolada","9":"product_tag-horeca","10":"product_tag-kolaci","11":"product_tag-pekarstvo","12":"product_tag-sladoled","13":"desktop-align-left","14":"tablet-align-left","15":"mobile-align-left","17":"first","18":"onbackorder","19":"taxable","20":"shipping-taxable","21":"purchasable","22":"product-type-simple"},"_links":{"self":[{"href":"https:\/\/kondingprojekt.com\/shop\/wp-json\/wp\/v2\/product\/33","targetHints":{"allow":["GET"]}}],"collection":[{"href":"https:\/\/kondingprojekt.com\/shop\/wp-json\/wp\/v2\/product"}],"about":[{"href":"https:\/\/kondingprojekt.com\/shop\/wp-json\/wp\/v2\/types\/product"}],"wp:featuredmedia":[{"embeddable":true,"href":"https:\/\/kondingprojekt.com\/shop\/wp-json\/wp\/v2\/media\/34"}],"wp:attachment":[{"href":"https:\/\/kondingprojekt.com\/shop\/wp-json\/wp\/v2\/media?parent=33"}],"wp:term":[{"taxonomy":"product_brand","embeddable":true,"href":"https:\/\/kondingprojekt.com\/shop\/wp-json\/wp\/v2\/product_brand?post=33"},{"taxonomy":"product_cat","embeddable":true,"href":"https:\/\/kondingprojekt.com\/shop\/wp-json\/wp\/v2\/product_cat?post=33"},{"taxonomy":"product_tag","embeddable":true,"href":"https:\/\/kondingprojekt.com\/shop\/wp-json\/wp\/v2\/product_tag?post=33"}],"curies":[{"name":"wp","href":"https:\/\/api.w.org\/{rel}","templated":true}]}}