{"id":58,"date":"2025-11-02T09:58:09","date_gmt":"2025-11-02T09:58:09","guid":{"rendered":"https:\/\/kondingprojekt.com\/shop\/?post_type=product&#038;p=58"},"modified":"2026-02-12T10:00:40","modified_gmt":"2026-02-12T09:00:40","slug":"stapici-za-sladoled","status":"publish","type":"product","link":"https:\/\/kondingprojekt.com\/shop\/proizvod\/stapici-za-sladoled\/","title":{"rendered":"\u0160tapi\u0107i za sladoled"},"content":{"rendered":"","protected":false},"excerpt":{"rendered":"<ul>\n<li>\u0160tapi\u0107i za sladoled izra\u0111eni su od kvalitetnog drva, glatki i sigurni za upotrebu<\/li>\n<li>Idealni za izradu sladoleda, lizalica i slatkih poslastica<\/li>\n<li>Vi\u0161ekratna pakiranja omogu\u0107uju prakti\u010dnu i higijensku upotrebu.<\/li>\n<\/ul>\n","protected":false},"featured_media":61,"template":"","meta":{"site-sidebar-layout":"default","site-content-layout":"","ast-site-content-layout":"default","site-content-style":"default","site-sidebar-style":"default","ast-global-header-display":"","ast-banner-title-visibility":"","ast-main-header-display":"","ast-hfb-above-header-display":"","ast-hfb-below-header-display":"","ast-hfb-mobile-header-display":"","site-post-title":"","ast-breadcrumbs-content":"","ast-featured-img":"","footer-sml-layout":"","ast-disable-related-posts":"","theme-transparent-header-meta":"default","adv-header-id-meta":"","stick-header-meta":"","header-above-stick-meta":"","header-main-stick-meta":"","header-below-stick-meta":"","astra-migrate-meta-layouts":"set","ast-page-background-enabled":"default","ast-page-background-meta":{"desktop":{"background-color":"var(--ast-global-color-5)","background-image":"","background-repeat":"repeat","background-position":"center center","background-size":"auto","background-attachment":"scroll","background-type":"","background-media":"","overlay-type":"","overlay-color":"","overlay-opacity":"","overlay-gradient":""},"tablet":{"background-color":"","background-image":"","background-repeat":"repeat","background-position":"center center","background-size":"auto","background-attachment":"scroll","background-type":"","background-media":"","overlay-type":"","overlay-color":"","overlay-opacity":"","overlay-gradient":""},"mobile":{"background-color":"","background-image":"","background-repeat":"repeat","background-position":"center center","background-size":"auto","background-attachment":"scroll","background-type":"","background-media":"","overlay-type":"","overlay-color":"","overlay-opacity":"","overlay-gradient":""}},"ast-content-background-meta":{"desktop":{"background-color":"var(--ast-global-color-4)","background-image":"","background-repeat":"repeat","background-position":"center center","background-size":"auto","background-attachment":"scroll","background-type":"","background-media":"","overlay-type":"","overlay-color":"","overlay-opacity":"","overlay-gradient":""},"tablet":{"background-color":"var(--ast-global-color-4)","background-image":"","background-repeat":"repeat","background-position":"center center","background-size":"auto","background-attachment":"scroll","background-type":"","background-media":"","overlay-type":"","overlay-color":"","overlay-opacity":"","overlay-gradient":""},"mobile":{"background-color":"var(--ast-global-color-4)","background-image":"","background-repeat":"repeat","background-position":"center center","background-size":"auto","background-attachment":"scroll","background-type":"","background-media":"","overlay-type":"","overlay-color":"","overlay-opacity":"","overlay-gradient":""}}},"product_brand":[],"product_cat":[46],"product_tag":[22,24,25],"class_list":{"0":"post-58","1":"product","2":"type-product","3":"status-publish","4":"has-post-thumbnail","6":"product_cat-pribor-za-sladoled","7":"product_tag-cokolada","8":"product_tag-horeca","9":"product_tag-sladoled","10":"desktop-align-left","11":"tablet-align-left","12":"mobile-align-left","14":"first","15":"onbackorder","16":"taxable","17":"shipping-taxable","18":"purchasable","19":"product-type-simple"},"_links":{"self":[{"href":"https:\/\/kondingprojekt.com\/shop\/wp-json\/wp\/v2\/product\/58","targetHints":{"allow":["GET"]}}],"collection":[{"href":"https:\/\/kondingprojekt.com\/shop\/wp-json\/wp\/v2\/product"}],"about":[{"href":"https:\/\/kondingprojekt.com\/shop\/wp-json\/wp\/v2\/types\/product"}],"wp:featuredmedia":[{"embeddable":true,"href":"https:\/\/kondingprojekt.com\/shop\/wp-json\/wp\/v2\/media\/61"}],"wp:attachment":[{"href":"https:\/\/kondingprojekt.com\/shop\/wp-json\/wp\/v2\/media?parent=58"}],"wp:term":[{"taxonomy":"product_brand","embeddable":true,"href":"https:\/\/kondingprojekt.com\/shop\/wp-json\/wp\/v2\/product_brand?post=58"},{"taxonomy":"product_cat","embeddable":true,"href":"https:\/\/kondingprojekt.com\/shop\/wp-json\/wp\/v2\/product_cat?post=58"},{"taxonomy":"product_tag","embeddable":true,"href":"https:\/\/kondingprojekt.com\/shop\/wp-json\/wp\/v2\/product_tag?post=58"}],"curies":[{"name":"wp","href":"https:\/\/api.w.org\/{rel}","templated":true}]}}